{"id":84,"date":"2021-03-15T19:27:21","date_gmt":"2021-03-15T19:27:21","guid":{"rendered":"https:\/\/ingridsantis.cl\/?page_id=84"},"modified":"2021-05-07T20:30:47","modified_gmt":"2021-05-07T20:30:47","slug":"84-2","status":"publish","type":"page","link":"https:\/\/ingridsantis.cl\/","title":{"rendered":""},"content":{"rendered":"\t\t<div data-elementor-type=\"wp-page\" data-elementor-id=\"84\" class=\"elementor elementor-84\">\n\t\t\t\t\t\t<div class=\"elementor-inner\">\n\t\t\t\t<div class=\"elementor-section-wrap\">\n\t\t\t\t\t\t\t\t\t<section class=\"elementor-section elementor-top-section elementor-element elementor-element-fb26292 elementor-section-full_width elementor-section-content-top elementor-section-height-default elementor-section-height-default\" data-id=\"fb26292\" data-element_type=\"section\">\n\t\t\t\t\t\t<div class=\"elementor-container elementor-column-gap-default\">\n\t\t\t\t\t\t\t<div class=\"elementor-row\">\n\t\t\t\t\t<div class=\"elementor-column elementor-col-100 elementor-top-column elementor-element elementor-element-6ec8a66\" data-id=\"6ec8a66\" data-element_type=\"column\">\n\t\t\t<div class=\"elementor-column-wrap elementor-element-populated\">\n\t\t\t\t\t\t\t<div class=\"elementor-widget-wrap\">\n\t\t\t\t\t\t<section class=\"elementor-section elementor-inner-section elementor-element elementor-element-6b01c7f elementor-section-boxed elementor-section-height-default elementor-section-height-default\" data-id=\"6b01c7f\" data-element_type=\"section\">\n\t\t\t\t\t\t<div class=\"elementor-container elementor-column-gap-default\">\n\t\t\t\t\t\t\t<div class=\"elementor-row\">\n\t\t\t\t\t<div class=\"elementor-column elementor-col-50 elementor-inner-column elementor-element elementor-element-ed016bd\" data-id=\"ed016bd\" data-element_type=\"column\">\n\t\t\t<div class=\"elementor-column-wrap elementor-element-populated\">\n\t\t\t\t\t\t\t<div class=\"elementor-widget-wrap\">\n\t\t\t\t\t\t<div class=\"elementor-element elementor-element-a6ecc54 elementor-widget elementor-widget-text-editor\" data-id=\"a6ecc54\" data-element_type=\"widget\" data-widget_type=\"text-editor.default\">\n\t\t\t\t<div class=\"elementor-widget-container\">\n\t\t\t\t\t\t\t\t<div class=\"elementor-text-editor elementor-clearfix\">\n\t\t\t\t<p>Mi nombre es <span style=\"color: #d2b845;\"><strong>Ingrid Santis<\/strong><\/span>, vivo en <span style=\"color: #d2b845;\">Isla Negra<\/span>, gran parte de mi familia ha vivido por m\u00e1s de 40 a\u00f1os en la comuna.<\/p><p>Durante 20 a\u00f1os desarroll\u00e9 mi profesi\u00f3n y vocaci\u00f3n de docente dedicada a la primera infancia.<\/p><p>Mi compromiso social nace desde muy joven, en distintas instancias, realizando y participando en guarder\u00edas estacionales para hijos de temporeras y estudiantes, tanto en <span style=\"color: #d2b845;\">Santiago<\/span> como en <span style=\"color: #d2b845;\">El Quisco<\/span>.<\/p><p>He colaborado activamente en otros proyectos sociales, tanto con j\u00f3venes en situaci\u00f3n de vulneraci\u00f3n como en temas medio ambientales y soy dirigente social de la <span style=\"color: #d2b845;\">comunidad de las Piedras de Isla Negra<\/span>.<\/p><p>Soy una convencida en que el trabajo en equipo entre municipio y las comunidades dar\u00e1n excelentes resultados para tener una buena calidad de vida en nuestra comuna.<\/p>\t\t\t\t\t<\/div>\n\t\t\t\t\t\t<\/div>\n\t\t\t\t<\/div>\n\t\t\t\t\t\t<\/div>\n\t\t\t\t\t<\/div>\n\t\t<\/div>\n\t\t\t\t<div class=\"elementor-column elementor-col-50 elementor-inner-column elementor-element elementor-element-2985cd5\" data-id=\"2985cd5\" data-element_type=\"column\">\n\t\t\t<div class=\"elementor-column-wrap elementor-element-populated\">\n\t\t\t\t\t\t\t<div class=\"elementor-widget-wrap\">\n\t\t\t\t\t\t<div class=\"elementor-element elementor-element-2d7283b elementor-widget__width-auto elementor-widget elementor-widget-image\" data-id=\"2d7283b\" data-element_type=\"widget\" data-widget_type=\"image.default\">\n\t\t\t\t<div class=\"elementor-widget-container\">\n\t\t\t\t\t\t\t\t<div class=\"elementor-image\">\n\t\t\t\t\t\t\t\t\t\t\t\t<img decoding=\"async\" width=\"1182\" height=\"1182\" src=\"https:\/\/ingridsantis.cl\/wp-content\/uploads\/2021\/03\/ingrid_avancemos.jpeg\" class=\"attachment-full size-full\" alt=\"\" loading=\"lazy\" srcset=\"https:\/\/ingridsantis.cl\/wp-content\/uploads\/2021\/03\/ingrid_avancemos.jpeg 1182w, https:\/\/ingridsantis.cl\/wp-content\/uploads\/2021\/03\/ingrid_avancemos-300x300.jpeg 300w, https:\/\/ingridsantis.cl\/wp-content\/uploads\/2021\/03\/ingrid_avancemos-1024x1024.jpeg 1024w, https:\/\/ingridsantis.cl\/wp-content\/uploads\/2021\/03\/ingrid_avancemos-150x150.jpeg 150w, https:\/\/ingridsantis.cl\/wp-content\/uploads\/2021\/03\/ingrid_avancemos-768x768.jpeg 768w\" sizes=\"(max-width: 1182px) 100vw, 1182px\" \/>\t\t\t\t\t\t\t\t\t\t\t\t\t\t<\/div>\n\t\t\t\t\t\t<\/div>\n\t\t\t\t<\/div>\n\t\t\t\t\t\t<\/div>\n\t\t\t\t\t<\/div>\n\t\t<\/div>\n\t\t\t\t\t\t\t\t<\/div>\n\t\t\t\t\t<\/div>\n\t\t<\/section>\n\t\t\t\t<div class=\"elementor-element elementor-element-750c486 elementor-widget elementor-widget-text-editor\" data-id=\"750c486\" data-element_type=\"widget\" data-widget_type=\"text-editor.default\">\n\t\t\t\t<div class=\"elementor-widget-container\">\n\t\t\t\t\t\t\t\t<div class=\"elementor-text-editor elementor-clearfix\">\n\t\t\t\t<p>Les invito a poner sobre la mesa todas vuestras necesidades con una concejal\u00eda participativa, involucrada y activa desde el territorio.<\/p><p>Les invito a votar por un municipio transparente y abierto para todos y todas.<\/p><p>Les invito a votar por <strong><span style=\"color: #d2b845;\">Ingrid Santis<\/span><\/strong>, <strong><span style=\"color: #d2b845;\">Concejala por El Quisco<\/span><\/strong>.<\/p>\t\t\t\t\t<\/div>\n\t\t\t\t\t\t<\/div>\n\t\t\t\t<\/div>\n\t\t\t\t<div class=\"elementor-element elementor-element-4972c4d elementor-align-center elementor-invisible elementor-widget elementor-widget-button\" data-id=\"4972c4d\" data-element_type=\"widget\" data-settings=\"{&quot;_animation&quot;:&quot;fadeIn&quot;}\" data-widget_type=\"button.default\">\n\t\t\t\t<div class=\"elementor-widget-container\">\n\t\t\t\t\t<div class=\"elementor-button-wrapper\">\n\t\t\t<a href=\"mailto:hola@ingridsantis.cl\" class=\"elementor-button-link elementor-button elementor-size-sm\" role=\"button\">\n\t\t\t\t\t\t<span class=\"elementor-button-content-wrapper\">\n\t\t\t\t\t\t<span class=\"elementor-button-text\">Conversemos<\/span>\n\t\t<\/span>\n\t\t\t\t\t<\/a>\n\t\t<\/div>\n\t\t\t\t<\/div>\n\t\t\t\t<\/div>\n\t\t\t\t<div class=\"elementor-element elementor-element-76ba2ef elementor-icon-list--layout-inline elementor-align-center elementor-list-item-link-full_width elementor-widget elementor-widget-icon-list\" data-id=\"76ba2ef\" data-element_type=\"widget\" data-widget_type=\"icon-list.default\">\n\t\t\t\t<div class=\"elementor-widget-container\">\n\t\t\t\t\t<ul class=\"elementor-icon-list-items elementor-inline-items\">\n\t\t\t\t\t\t\t<li class=\"elementor-icon-list-item elementor-inline-item\">\n\t\t\t\t\t\t\t\t\t\t\t<a href=\"https:\/\/facebook.com\/IngridSantisMoraga\" target=\"_blank\">\n\n\t\t\t\t\t\t\t\t\t\t\t\t<span class=\"elementor-icon-list-icon\">\n\t\t\t\t\t\t\t<i aria-hidden=\"true\" class=\"fab fa-facebook-square\"><\/i>\t\t\t\t\t\t<\/span>\n\t\t\t\t\t\t\t\t\t\t<span class=\"elementor-icon-list-text\">facebook<\/span>\n\t\t\t\t\t\t\t\t\t\t\t<\/a>\n\t\t\t\t\t\t\t\t\t<\/li>\n\t\t\t\t\t\t\t\t<li class=\"elementor-icon-list-item elementor-inline-item\">\n\t\t\t\t\t\t\t\t\t\t\t<a href=\"https:\/\/twitter.com\/IngridSantisM\" target=\"_blank\">\n\n\t\t\t\t\t\t\t\t\t\t\t\t<span class=\"elementor-icon-list-icon\">\n\t\t\t\t\t\t\t<i aria-hidden=\"true\" class=\"fab fa-twitter\"><\/i>\t\t\t\t\t\t<\/span>\n\t\t\t\t\t\t\t\t\t\t<span class=\"elementor-icon-list-text\">twitter<\/span>\n\t\t\t\t\t\t\t\t\t\t\t<\/a>\n\t\t\t\t\t\t\t\t\t<\/li>\n\t\t\t\t\t\t\t\t<li class=\"elementor-icon-list-item elementor-inline-item\">\n\t\t\t\t\t\t\t\t\t\t\t<a href=\"https:\/\/instagram.com\/IngridSantis\" target=\"_blank\">\n\n\t\t\t\t\t\t\t\t\t\t\t\t<span class=\"elementor-icon-list-icon\">\n\t\t\t\t\t\t\t<i aria-hidden=\"true\" class=\"fab fa-instagram\"><\/i>\t\t\t\t\t\t<\/span>\n\t\t\t\t\t\t\t\t\t\t<span class=\"elementor-icon-list-text\">instagram<\/span>\n\t\t\t\t\t\t\t\t\t\t\t<\/a>\n\t\t\t\t\t\t\t\t\t<\/li>\n\t\t\t\t\t\t<\/ul>\n\t\t\t\t<\/div>\n\t\t\t\t<\/div>\n\t\t\t\t\t\t<\/div>\n\t\t\t\t\t<\/div>\n\t\t<\/div>\n\t\t\t\t\t\t\t\t<\/div>\n\t\t\t\t\t<\/div>\n\t\t<\/section>\n\t\t\t\t\t\t\t\t\t<\/div>\n\t\t\t<\/div>\n\t\t\t\t\t<\/div>\n\t\t","protected":false},"excerpt":{"rendered":"<p>Mi nombre es Ingrid Santis, vivo en Isla Negra, gran parte de mi familia ha vivido por m\u00e1s de 40 a\u00f1os en la comuna. Durante 20 a\u00f1os desarroll\u00e9 mi profesi\u00f3n y vocaci\u00f3n de docente dedicada a la primera infancia. Mi compromiso social nace desde muy joven, en distintas instancias, realizando y participando en guarder\u00edas estacionales &#8230; <a title=\"\" class=\"read-more\" href=\"https:\/\/ingridsantis.cl\/\" aria-label=\"M\u00e1s en \">Leer m\u00e1s<\/a><\/p>\n","protected":false},"author":1,"featured_media":0,"parent":0,"menu_order":0,"comment_status":"closed","ping_status":"closed","template":"elementor_canvas","meta":[],"_links":{"self":[{"href":"https:\/\/ingridsantis.cl\/index.php\/wp-json\/wp\/v2\/pages\/84"}],"collection":[{"href":"https:\/\/ingridsantis.cl\/index.php\/wp-json\/wp\/v2\/pages"}],"about":[{"href":"https:\/\/ingridsantis.cl\/index.php\/wp-json\/wp\/v2\/types\/page"}],"author":[{"embeddable":true,"href":"https:\/\/ingridsantis.cl\/index.php\/wp-json\/wp\/v2\/users\/1"}],"replies":[{"embeddable":true,"href":"https:\/\/ingridsantis.cl\/index.php\/wp-json\/wp\/v2\/comments?post=84"}],"version-history":[{"count":64,"href":"https:\/\/ingridsantis.cl\/index.php\/wp-json\/wp\/v2\/pages\/84\/revisions"}],"predecessor-version":[{"id":163,"href":"https:\/\/ingridsantis.cl\/index.php\/wp-json\/wp\/v2\/pages\/84\/revisions\/163"}],"wp:attachment":[{"href":"https:\/\/ingridsantis.cl\/index.php\/wp-json\/wp\/v2\/media?parent=84"}],"curies":[{"name":"wp","href":"https:\/\/api.w.org\/{rel}","templated":true}]}}